{"id":5029,"date":"2022-07-14T17:48:48","date_gmt":"2022-07-14T15:48:48","guid":{"rendered":"https:\/\/impekstir.pl\/?page_id=5029"},"modified":"2025-01-31T14:02:57","modified_gmt":"2025-01-31T13:02:57","slug":"granitsteinbruch","status":"publish","type":"page","link":"https:\/\/impekstir.pl\/de\/granitsteinbruch\/","title":{"rendered":"Granitsteinbruch"},"content":{"rendered":"\t\t<div data-elementor-type=\"wp-page\" data-elementor-id=\"5029\" class=\"elementor elementor-5029 elementor-4611\" data-elementor-settings=\"[]\">\n\t\t\t\t\t\t\t<div class=\"elementor-section-wrap\">\n\t\t\t\t\t\t\t<section class=\"elementor-section elementor-top-section elementor-element elementor-element-708613a elementor-section-stretched elementor-section-boxed elementor-section-height-default elementor-section-height-default\" data-id=\"708613a\" data-element_type=\"section\" data-settings=\"{&quot;stretch_section&quot;:&quot;section-stretched&quot;}\">\n\t\t\t\t\t\t<div class=\"elementor-container elementor-column-gap-default\">\n\t\t\t\t\t<div class=\"elementor-column elementor-col-100 elementor-top-column elementor-element elementor-element-a019700\" data-id=\"a019700\" data-element_type=\"column\">\n\t\t\t<div class=\"elementor-widget-wrap elementor-element-populated\">\n\t\t\t\t\t\t\t\t<div class=\"elementor-element elementor-element-613fff6 elementor-widget elementor-widget-image\" data-id=\"613fff6\" data-element_type=\"widget\" data-widget_type=\"image.default\">\n\t\t\t\t<div class=\"elementor-widget-container\">\n\t\t\t\t\t\t\t\t\t\t\t\t\t\t\t<img loading=\"lazy\" decoding=\"async\" width=\"2000\" height=\"837\" src=\"https:\/\/impekstir.pl\/wp-content\/uploads\/2022\/05\/kopalnia-granitu-kwarc-promo.jpg\" class=\"attachment-full size-full\" alt=\"kopalnia granitu strzegom\" \/>\t\t\t\t\t\t\t\t\t\t\t\t\t\t\t<\/div>\n\t\t\t\t<\/div>\n\t\t\t\t\t<\/div>\n\t\t<\/div>\n\t\t\t\t\t\t\t<\/div>\n\t\t<\/section>\n\t\t\t\t<section class=\"elementor-section elementor-top-section elementor-element elementor-element-a3a7ff3 elementor-reverse-mobile elementor-section-boxed elementor-section-height-default elementor-section-height-default\" data-id=\"a3a7ff3\" data-element_type=\"section\">\n\t\t\t\t\t\t<div class=\"elementor-container elementor-column-gap-default\">\n\t\t\t\t\t<div class=\"elementor-column elementor-col-50 elementor-top-column elementor-element elementor-element-78fd820\" data-id=\"78fd820\" data-element_type=\"column\">\n\t\t\t<div class=\"elementor-widget-wrap elementor-element-populated\">\n\t\t\t\t\t\t\t\t<div class=\"elementor-element elementor-element-ba5cdac elementor-widget elementor-widget-image\" data-id=\"ba5cdac\" data-element_type=\"widget\" data-widget_type=\"image.default\">\n\t\t\t\t<div class=\"elementor-widget-container\">\n\t\t\t\t\t\t\t\t\t\t\t\t\t\t\t<img loading=\"lazy\" decoding=\"async\" width=\"792\" height=\"1205\" src=\"https:\/\/impekstir.pl\/wp-content\/uploads\/2022\/05\/kopalnia-kwarc-w-latach-80.jpg\" class=\"attachment-full size-full\" alt=\"kopalnia granitu\" \/>\t\t\t\t\t\t\t\t\t\t\t\t\t\t\t<\/div>\n\t\t\t\t<\/div>\n\t\t\t\t\t<\/div>\n\t\t<\/div>\n\t\t\t\t<div class=\"elementor-column elementor-col-50 elementor-top-column elementor-element elementor-element-65104b4\" data-id=\"65104b4\" data-element_type=\"column\">\n\t\t\t<div class=\"elementor-widget-wrap elementor-element-populated\">\n\t\t\t\t\t\t\t\t<div class=\"elementor-element elementor-element-822c990 elementor-widget elementor-widget-text-editor\" data-id=\"822c990\" data-element_type=\"widget\" data-widget_type=\"text-editor.default\">\n\t\t\t\t<div class=\"elementor-widget-container\">\n\t\t\t\t\t\t\t<p>Impekstir verf\u00fcgt \u00fcber einen eigenen Steinbruch \u201eIMPEKSTIR\u201d, der sich in Kostrza, Gemeinde Strzegom, Kreis \u015awidnica, Woiwodschaft Niederschlesien befindet. Der abgebaute Granit wird f\u00fcr die Herstellung von Granitfertigprodukten, d. h. Platten, Pflaster, Treppen und Granitbordsteine, verwendet, die dann an Baustellen sowohl in Polen als auch im Ausland geliefert werden.<\/p><p>Abpumpen von Wasser aus dem Steinbruch IMPEKSTIR (fr\u00fcher ein postdeutscher Abbauraum) begann 1989. Der richtige Prozess der Ausbeutung des Abbauraums fand 1992 statt.<\/p>\t\t\t\t\t\t<\/div>\n\t\t\t\t<\/div>\n\t\t\t\t\t<\/div>\n\t\t<\/div>\n\t\t\t\t\t\t\t<\/div>\n\t\t<\/section>\n\t\t\t\t<section class=\"elementor-section elementor-top-section elementor-element elementor-element-06b7583 elementor-reverse-mobile elementor-section-boxed elementor-section-height-default elementor-section-height-default\" data-id=\"06b7583\" data-element_type=\"section\">\n\t\t\t\t\t\t<div class=\"elementor-container elementor-column-gap-default\">\n\t\t\t\t\t<div class=\"elementor-column elementor-col-50 elementor-top-column elementor-element elementor-element-91059c6\" data-id=\"91059c6\" data-element_type=\"column\">\n\t\t\t<div class=\"elementor-widget-wrap elementor-element-populated\">\n\t\t\t\t\t\t\t\t<div class=\"elementor-element elementor-element-6f39504 elementor-widget elementor-widget-heading\" data-id=\"6f39504\" data-element_type=\"widget\" data-widget_type=\"heading.default\">\n\t\t\t\t<div class=\"elementor-widget-container\">\n\t\t\t<h2 class=\"elementor-heading-title elementor-size-default\">Granitsteinbruch IMPEKSTIR<\/h2>\t\t<\/div>\n\t\t\t\t<\/div>\n\t\t\t\t<div class=\"elementor-element elementor-element-4ae5b4f elementor-widget elementor-widget-text-editor\" data-id=\"4ae5b4f\" data-element_type=\"widget\" data-widget_type=\"text-editor.default\">\n\t\t\t\t<div class=\"elementor-widget-container\">\n\t\t\t\t\t\t\t<p><span lang=\"en-US\">Das Gel\u00e4nde des Steinbruchs IMPEKSTIR ist im Bereich der Strzegom-H\u00fcgel lokalisiert, die Teil des Sudetenvorlandes sind. <\/span><span lang=\"en-US\">Das Gebiet der Strzegom-H\u00fcgel geh\u00f6rt zu einer gro\u00dfen geologischen Einheit namens Granitmassiv \u201eStrzegom-Sob\u00f3tka\u201c. Es ist morphologisch <\/span><span lang=\"de-DE\">abwechslungsreich. Es wird von bewaldeten H\u00fcgeln mit Ausstriche von magmatischem und umgewandeltem Gestein sowie von ausgedehnten landwirtschaftlichen Fl\u00e4chen dominiert. Die Strzegom-H\u00fcgel liegen auf einer H\u00f6he von +200 bis +400 Meter \u00fcber dem Meeresspiegel. Sie zeichnen sich durch ein gem\u00e4\u00dfigt warmes Gebirgsklima aus.<\/span><span lang=\"de-DE\"> Werfen Sie einen Blick auf unser Angebot an Granitbl\u00f6cke und -klumpen.<\/span><\/p>\t\t\t\t\t\t<\/div>\n\t\t\t\t<\/div>\n\t\t\t\t\t<\/div>\n\t\t<\/div>\n\t\t\t\t<div class=\"elementor-column elementor-col-50 elementor-top-column elementor-element elementor-element-b3a584c\" data-id=\"b3a584c\" data-element_type=\"column\">\n\t\t\t<div class=\"elementor-widget-wrap elementor-element-populated\">\n\t\t\t\t\t\t\t\t<div class=\"elementor-element elementor-element-b853068 elementor-widget elementor-widget-image\" data-id=\"b853068\" data-element_type=\"widget\" data-widget_type=\"image.default\">\n\t\t\t\t<div class=\"elementor-widget-container\">\n\t\t\t\t\t\t\t\t\t\t\t\t\t\t\t<img loading=\"lazy\" decoding=\"async\" width=\"673\" height=\"1024\" src=\"https:\/\/impekstir.pl\/wp-content\/uploads\/2022\/05\/bloki-granitowe-promo-673x1024.jpg\" class=\"attachment-large size-large\" alt=\"kopalnia granitu w strzegomiu\" \/>\t\t\t\t\t\t\t\t\t\t\t\t\t\t\t<\/div>\n\t\t\t\t<\/div>\n\t\t\t\t\t<\/div>\n\t\t<\/div>\n\t\t\t\t\t\t\t<\/div>\n\t\t<\/section>\n\t\t\t\t<section class=\"elementor-section elementor-top-section elementor-element elementor-element-1b7f55a elementor-section-boxed elementor-section-height-default elementor-section-height-default\" data-id=\"1b7f55a\" data-element_type=\"section\">\n\t\t\t\t\t\t<div class=\"elementor-container elementor-column-gap-default\">\n\t\t\t\t\t<div class=\"elementor-column elementor-col-100 elementor-top-column elementor-element elementor-element-12ebead\" data-id=\"12ebead\" data-element_type=\"column\">\n\t\t\t<div class=\"elementor-widget-wrap elementor-element-populated\">\n\t\t\t\t\t\t\t\t<div class=\"elementor-element elementor-element-f1a8368 elementor-widget elementor-widget-heading\" data-id=\"f1a8368\" data-element_type=\"widget\" data-widget_type=\"heading.default\">\n\t\t\t\t<div class=\"elementor-widget-container\">\n\t\t\t<h2 class=\"elementor-heading-title elementor-size-default\">Granit strzegomski<\/h2>\t\t<\/div>\n\t\t\t\t<\/div>\n\t\t\t\t<div class=\"elementor-element elementor-element-14f7ab1 elementor-widget elementor-widget-text-editor\" data-id=\"14f7ab1\" data-element_type=\"widget\" data-widget_type=\"text-editor.default\">\n\t\t\t\t<div class=\"elementor-widget-container\">\n\t\t\t\t\t\t\t<p><span lang=\"en-US\">Der Granit, der aus den Strzegom-H\u00fcgeln stammt, ist ein extrem hartes Gestein, das gegen raue Witterungsbedingungen und Besch\u00e4digungen resistent ist. Charakteristisches und nat\u00fcrlich sch\u00f6nes Aussehen verdankt er den Mineralien, <\/span><span lang=\"en-US\">dazu geh\u00f6ren am h\u00e4ufigsten Quarz, heller Plagioklas und schwarzer Biotit. Neben seinen \u00e4sthetischen Qualit\u00e4ten zeichnet sich der Granit aus Strzegom durch seine au\u00dfergew\u00f6hnliche Langlebigkeit aus, deshalb wird er im Bauwesen so gerne verwendet. Man baut damit Stra\u00dfen, Parkpl\u00e4tze, Terrassen und Treppen.<\/span><\/p><p><span lang=\"en-US\">Striegauer Granit hat<\/span><span lang=\"en-US\"> hervorragende technische<\/span><span lang=\"en-US\"> Eigenschaften. <\/span><span style=\"color: #000000;\"><span lang=\"en-US\">Die Dichte betr\u00e4gt <\/span><\/span><span lang=\"en-US\"> 2,65 g\/cm3. Dar\u00fcber hinaus ist Granit aus Strzegom resistent gegen Druck (Festigkeit 132,1 MPa) und Verschlei\u00df (Abrieb an der B\u00f6hme-Scheibe 3,17cm<\/span><span lang=\"en-US\">, Abrieb in der Deval-Trommel 6,2 Prozent<\/span><span lang=\"en-US\">%).<\/span><span lang=\"en-US\"> Er zeichnet sich auch durch eine geringe Wasseraufnahme (0,36%) und einen vollst\u00e4ndigen Frostwiderstand aus.<\/span><\/p><p><span lang=\"en-US\">Werfen Sie einen Blick auf unser <a href=\"https:\/\/impekstir.pl\/de\/angebot\/\">Angebot<\/a>!<\/span><\/p>\t\t\t\t\t\t<\/div>\n\t\t\t\t<\/div>\n\t\t\t\t\t<\/div>\n\t\t<\/div>\n\t\t\t\t\t\t\t<\/div>\n\t\t<\/section>\n\t\t\t\t<section class=\"elementor-section elementor-top-section elementor-element elementor-element-410bc0e elementor-section-stretched elementor-section-boxed elementor-section-height-default elementor-section-height-default\" data-id=\"410bc0e\" data-element_type=\"section\" data-settings=\"{&quot;stretch_section&quot;:&quot;section-stretched&quot;}\">\n\t\t\t\t\t\t<div class=\"elementor-container elementor-column-gap-default\">\n\t\t\t\t\t<div class=\"elementor-column elementor-col-100 elementor-top-column elementor-element elementor-element-23a3779\" data-id=\"23a3779\" data-element_type=\"column\">\n\t\t\t<div class=\"elementor-widget-wrap elementor-element-populated\">\n\t\t\t\t\t\t\t\t<div class=\"elementor-element elementor-element-c6476d3 elementor-widget elementor-widget-google_maps\" data-id=\"c6476d3\" data-element_type=\"widget\" data-widget_type=\"google_maps.default\">\n\t\t\t\t<div class=\"elementor-widget-container\">\n\t\t\t\t\t<div class=\"elementor-custom-embed\">\n\t\t\t<iframe frameborder=\"0\" scrolling=\"no\" marginheight=\"0\" marginwidth=\"0\"\n\t\t\t\t\tsrc=\"https:\/\/maps.google.com\/maps?q=UL.%20KOPERNIKA%2027%2C%20KOSTRZA&#038;t=m&#038;z=11&#038;output=embed&#038;iwloc=near\"\n\t\t\t\t\ttitle=\"UL. KOPERNIKA 27, KOSTRZA\"\n\t\t\t\t\taria-label=\"UL. KOPERNIKA 27, KOSTRZA\"\n\t\t\t><\/iframe>\n\t\t<\/div>\n\t\t\t\t<\/div>\n\t\t\t\t<\/div>\n\t\t\t\t\t<\/div>\n\t\t<\/div>\n\t\t\t\t\t\t\t<\/div>\n\t\t<\/section>\n\t\t\t\t\t\t<\/div>\n\t\t\t\t\t<\/div>\n\t\t","protected":false},"excerpt":{"rendered":"<p>Impekstir verf\u00fcgt \u00fcber einen eigenen Steinbruch \u201eIMPEKSTIR\u201d, der sich in Kostrza, Gemeinde Strzegom, Kreis \u015awidnica, Woiwodschaft Niederschlesien befindet. Der abgebaute Granit wird f\u00fcr die Herstellung von Granitfertigprodukten, d. h. Platten, Pflaster, Treppen und Granitbordsteine, verwendet, die dann an Baustellen sowohl in Polen als auch im Ausland geliefert werden. Abpumpen von Wasser aus dem Steinbruch IMPEKSTIR [&hellip;]<\/p>\n","protected":false},"author":1,"featured_media":0,"parent":0,"menu_order":0,"comment_status":"closed","ping_status":"closed","template":"","meta":{"footnotes":""},"class_list":["post-5029","page","type-page","status-publish","hentry"],"yoast_head":"<!-- This site is optimized with the Yoast SEO plugin v17.0 - https:\/\/yoast.com\/wordpress\/plugins\/seo\/ -->\n<title>Granitsteinbruch - Producent wyrob\u00f3w z granitu - Impekstir<\/title>\n<meta name=\"robots\" content=\"index, follow, max-snippet:-1, max-image-preview:large, max-video-preview:-1\" \/>\n<link rel=\"canonical\" href=\"https:\/\/impekstir.pl\/de\/granitsteinbruch\/\" \/>\n<meta property=\"og:locale\" content=\"de_DE\" \/>\n<meta property=\"og:type\" content=\"article\" \/>\n<meta property=\"og:title\" content=\"Granitsteinbruch - Producent wyrob\u00f3w z granitu - Impekstir\" \/>\n<meta property=\"og:description\" content=\"Impekstir verf\u00fcgt \u00fcber einen eigenen Steinbruch \u201eIMPEKSTIR\u201d, der sich in Kostrza, Gemeinde Strzegom, Kreis \u015awidnica, Woiwodschaft Niederschlesien befindet. Der abgebaute Granit wird f\u00fcr die Herstellung von Granitfertigprodukten, d. h. Platten, Pflaster, Treppen und Granitbordsteine, verwendet, die dann an Baustellen sowohl in Polen als auch im Ausland geliefert werden. Abpumpen von Wasser aus dem Steinbruch IMPEKSTIR [&hellip;]\" \/>\n<meta property=\"og:url\" content=\"https:\/\/impekstir.pl\/de\/granitsteinbruch\/\" \/>\n<meta property=\"og:site_name\" content=\"Producent wyrob\u00f3w z granitu - Impekstir\" \/>\n<meta property=\"article:modified_time\" content=\"2025-01-31T13:02:57+00:00\" \/>\n<meta property=\"og:image\" content=\"https:\/\/impekstir.pl\/wp-content\/uploads\/2022\/05\/kopalnia-granitu-kwarc-promo.jpg\" \/>\n<meta name=\"twitter:card\" content=\"summary_large_image\" \/>\n<meta name=\"twitter:label1\" content=\"Gesch\u00e4tzte Lesezeit\" \/>\n\t<meta name=\"twitter:data1\" content=\"2\u00a0Minuten\" \/>\n<script type=\"application\/ld+json\" class=\"yoast-schema-graph\">{\"@context\":\"https:\/\/schema.org\",\"@graph\":[{\"@type\":\"WebSite\",\"@id\":\"https:\/\/impekstir.pl\/de\/#website\",\"url\":\"https:\/\/impekstir.pl\/de\/\",\"name\":\"Producent wyrob\\u00f3w z granitu - Impekstir\",\"description\":\"Dostawca Granitu\",\"potentialAction\":[{\"@type\":\"SearchAction\",\"target\":{\"@type\":\"EntryPoint\",\"urlTemplate\":\"https:\/\/impekstir.pl\/de\/?s={search_term_string}\"},\"query-input\":\"required name=search_term_string\"}],\"inLanguage\":\"de\"},{\"@type\":\"ImageObject\",\"@id\":\"https:\/\/impekstir.pl\/de\/granitsteinbruch\/#primaryimage\",\"inLanguage\":\"de\",\"url\":\"https:\/\/impekstir.pl\/wp-content\/uploads\/2022\/05\/kopalnia-granitu-kwarc-promo.jpg\",\"contentUrl\":\"https:\/\/impekstir.pl\/wp-content\/uploads\/2022\/05\/kopalnia-granitu-kwarc-promo.jpg\",\"width\":2000,\"height\":837,\"caption\":\"kopalnia granitu strzegom\"},{\"@type\":\"WebPage\",\"@id\":\"https:\/\/impekstir.pl\/de\/granitsteinbruch\/#webpage\",\"url\":\"https:\/\/impekstir.pl\/de\/granitsteinbruch\/\",\"name\":\"Granitsteinbruch - Producent wyrob\\u00f3w z granitu - Impekstir\",\"isPartOf\":{\"@id\":\"https:\/\/impekstir.pl\/de\/#website\"},\"primaryImageOfPage\":{\"@id\":\"https:\/\/impekstir.pl\/de\/granitsteinbruch\/#primaryimage\"},\"datePublished\":\"2022-07-14T15:48:48+00:00\",\"dateModified\":\"2025-01-31T13:02:57+00:00\",\"breadcrumb\":{\"@id\":\"https:\/\/impekstir.pl\/de\/granitsteinbruch\/#breadcrumb\"},\"inLanguage\":\"de\",\"potentialAction\":[{\"@type\":\"ReadAction\",\"target\":[\"https:\/\/impekstir.pl\/de\/granitsteinbruch\/\"]}]},{\"@type\":\"BreadcrumbList\",\"@id\":\"https:\/\/impekstir.pl\/de\/granitsteinbruch\/#breadcrumb\",\"itemListElement\":[{\"@type\":\"ListItem\",\"position\":1,\"name\":\"\",\"item\":\"https:\/\/impekstir.pl\/de\/\"},{\"@type\":\"ListItem\",\"position\":2,\"name\":\"Granitsteinbruch\"}]}]}<\/script>\n<!-- \/ Yoast SEO plugin. -->","yoast_head_json":{"title":"Granitsteinbruch - Producent wyrob\u00f3w z granitu - Impekstir","robots":{"index":"index","follow":"follow","max-snippet":"max-snippet:-1","max-image-preview":"max-image-preview:large","max-video-preview":"max-video-preview:-1"},"canonical":"https:\/\/impekstir.pl\/de\/granitsteinbruch\/","og_locale":"de_DE","og_type":"article","og_title":"Granitsteinbruch - Producent wyrob\u00f3w z granitu - Impekstir","og_description":"Impekstir verf\u00fcgt \u00fcber einen eigenen Steinbruch \u201eIMPEKSTIR\u201d, der sich in Kostrza, Gemeinde Strzegom, Kreis \u015awidnica, Woiwodschaft Niederschlesien befindet. Der abgebaute Granit wird f\u00fcr die Herstellung von Granitfertigprodukten, d. h. Platten, Pflaster, Treppen und Granitbordsteine, verwendet, die dann an Baustellen sowohl in Polen als auch im Ausland geliefert werden. Abpumpen von Wasser aus dem Steinbruch IMPEKSTIR [&hellip;]","og_url":"https:\/\/impekstir.pl\/de\/granitsteinbruch\/","og_site_name":"Producent wyrob\u00f3w z granitu - Impekstir","article_modified_time":"2025-01-31T13:02:57+00:00","og_image":[{"url":"https:\/\/impekstir.pl\/wp-content\/uploads\/2022\/05\/kopalnia-granitu-kwarc-promo.jpg"}],"twitter_card":"summary_large_image","twitter_misc":{"Gesch\u00e4tzte Lesezeit":"2\u00a0Minuten"},"schema":{"@context":"https:\/\/schema.org","@graph":[{"@type":"WebSite","@id":"https:\/\/impekstir.pl\/de\/#website","url":"https:\/\/impekstir.pl\/de\/","name":"Producent wyrob\u00f3w z granitu - Impekstir","description":"Dostawca Granitu","potentialAction":[{"@type":"SearchAction","target":{"@type":"EntryPoint","urlTemplate":"https:\/\/impekstir.pl\/de\/?s={search_term_string}"},"query-input":"required name=search_term_string"}],"inLanguage":"de"},{"@type":"ImageObject","@id":"https:\/\/impekstir.pl\/de\/granitsteinbruch\/#primaryimage","inLanguage":"de","url":"https:\/\/impekstir.pl\/wp-content\/uploads\/2022\/05\/kopalnia-granitu-kwarc-promo.jpg","contentUrl":"https:\/\/impekstir.pl\/wp-content\/uploads\/2022\/05\/kopalnia-granitu-kwarc-promo.jpg","width":2000,"height":837,"caption":"kopalnia granitu strzegom"},{"@type":"WebPage","@id":"https:\/\/impekstir.pl\/de\/granitsteinbruch\/#webpage","url":"https:\/\/impekstir.pl\/de\/granitsteinbruch\/","name":"Granitsteinbruch - Producent wyrob\u00f3w z granitu - Impekstir","isPartOf":{"@id":"https:\/\/impekstir.pl\/de\/#website"},"primaryImageOfPage":{"@id":"https:\/\/impekstir.pl\/de\/granitsteinbruch\/#primaryimage"},"datePublished":"2022-07-14T15:48:48+00:00","dateModified":"2025-01-31T13:02:57+00:00","breadcrumb":{"@id":"https:\/\/impekstir.pl\/de\/granitsteinbruch\/#breadcrumb"},"inLanguage":"de","potentialAction":[{"@type":"ReadAction","target":["https:\/\/impekstir.pl\/de\/granitsteinbruch\/"]}]},{"@type":"BreadcrumbList","@id":"https:\/\/impekstir.pl\/de\/granitsteinbruch\/#breadcrumb","itemListElement":[{"@type":"ListItem","position":1,"name":"","item":"https:\/\/impekstir.pl\/de\/"},{"@type":"ListItem","position":2,"name":"Granitsteinbruch"}]}]}},"_links":{"self":[{"href":"https:\/\/impekstir.pl\/de\/wp-json\/wp\/v2\/pages\/5029","targetHints":{"allow":["GET"]}}],"collection":[{"href":"https:\/\/impekstir.pl\/de\/wp-json\/wp\/v2\/pages"}],"about":[{"href":"https:\/\/impekstir.pl\/de\/wp-json\/wp\/v2\/types\/page"}],"author":[{"embeddable":true,"href":"https:\/\/impekstir.pl\/de\/wp-json\/wp\/v2\/users\/1"}],"replies":[{"embeddable":true,"href":"https:\/\/impekstir.pl\/de\/wp-json\/wp\/v2\/comments?post=5029"}],"version-history":[{"count":3,"href":"https:\/\/impekstir.pl\/de\/wp-json\/wp\/v2\/pages\/5029\/revisions"}],"predecessor-version":[{"id":6718,"href":"https:\/\/impekstir.pl\/de\/wp-json\/wp\/v2\/pages\/5029\/revisions\/6718"}],"wp:attachment":[{"href":"https:\/\/impekstir.pl\/de\/wp-json\/wp\/v2\/media?parent=5029"}],"curies":[{"name":"wp","href":"https:\/\/api.w.org\/{rel}","templated":true}]}}