{"id":3413,"date":"2021-08-03T18:58:41","date_gmt":"2021-08-03T16:58:41","guid":{"rendered":"https:\/\/impekstir.pl\/?page_id=3413"},"modified":"2021-08-03T18:59:03","modified_gmt":"2021-08-03T16:59:03","slug":"aktionaersbereich","status":"publish","type":"page","link":"https:\/\/impekstir.pl\/de\/aktionaersbereich\/","title":{"rendered":"Aktion\u00e4rsbereich"},"content":{"rendered":"\t\t<div data-elementor-type=\"wp-page\" data-elementor-id=\"3413\" class=\"elementor elementor-3413 elementor-742\" data-elementor-settings=\"[]\">\n\t\t\t\t\t\t\t<div class=\"elementor-section-wrap\">\n\t\t\t\t\t\t\t<section class=\"elementor-section elementor-top-section elementor-element elementor-element-1ba8b77 elementor-section-boxed elementor-section-height-default elementor-section-height-default\" data-id=\"1ba8b77\" data-element_type=\"section\">\n\t\t\t\t\t\t<div class=\"elementor-container elementor-column-gap-default\">\n\t\t\t\t\t<div class=\"elementor-column elementor-col-50 elementor-top-column elementor-element elementor-element-6bec787\" data-id=\"6bec787\" data-element_type=\"column\">\n\t\t\t<div class=\"elementor-widget-wrap elementor-element-populated\">\n\t\t\t\t\t\t\t\t<div class=\"elementor-element elementor-element-552979e elementor-widget elementor-widget-image\" data-id=\"552979e\" data-element_type=\"widget\" data-widget_type=\"image.default\">\n\t\t\t\t<div class=\"elementor-widget-container\">\n\t\t\t\t\t\t\t\t\t\t\t\t\t\t\t<img loading=\"lazy\" decoding=\"async\" width=\"450\" height=\"600\" src=\"https:\/\/impekstir.pl\/wp-content\/uploads\/2021\/03\/img-17-450x600-1.jpg\" class=\"attachment-full size-full\" alt=\"\" \/>\t\t\t\t\t\t\t\t\t\t\t\t\t\t\t<\/div>\n\t\t\t\t<\/div>\n\t\t\t\t\t<\/div>\n\t\t<\/div>\n\t\t\t\t<div class=\"elementor-column elementor-col-50 elementor-top-column elementor-element elementor-element-cb58f77\" data-id=\"cb58f77\" data-element_type=\"column\">\n\t\t\t<div class=\"elementor-widget-wrap elementor-element-populated\">\n\t\t\t\t\t\t\t\t<div class=\"elementor-element elementor-element-3acf700 elementor-widget elementor-widget-heading\" data-id=\"3acf700\" data-element_type=\"widget\" data-widget_type=\"heading.default\">\n\t\t\t\t<div class=\"elementor-widget-container\">\n\t\t\t<h2 class=\"elementor-heading-title elementor-size-default\">Informacje <strong>o Sp\u00f3\u0142ce<\/strong><\/h2>\t\t<\/div>\n\t\t\t\t<\/div>\n\t\t\t\t<div class=\"elementor-element elementor-element-eb3c0e1 elementor-widget elementor-widget-text-editor\" data-id=\"eb3c0e1\" data-element_type=\"widget\" data-widget_type=\"text-editor.default\">\n\t\t\t\t<div class=\"elementor-widget-container\">\n\t\t\t\t\t\t\t<p>Firma sp\u00f3\u0142ki:\u00a0<strong>Impekstir Operations Sp\u00f3\u0142ka Akcyjna<\/strong><\/p>\n<p>Siedziba i adres:\u00a0<strong>Wojciech\u00f3wka 5, 62-800 Kalisz<\/strong><\/p>\n<p>Oznaczenie s\u0105du rejestrowego, w kt\u00f3rym przechowywana jest dokumentacja sp\u00f3\u0142ki:\u00a0<strong>S\u0105d Rejonowy Pozna\u0144 \u2013 Nowe Miasto i Wilda w Poznaniu, IX Wydzia\u0142 Gospodarczy Krajowego Rejestru S\u0105dowego<\/strong><\/p>\n<p>Numer pod kt\u00f3rym sp\u00f3\u0142ka jest wpisana do rejestru (numer KRS):\u00a0<strong>0000864947<\/strong><\/p>\n<p>Numer identyfikacji podatkowej (NIP):\u00a0<strong>9680960889<\/strong><\/p>\n<p>Wysoko\u015b\u0107 kapita\u0142u zak\u0142adowego:\u00a0<strong>100.000,00 z\u0142<\/strong><\/p>\n<p>Wysoko\u015b\u0107 kapita\u0142u wp\u0142aconego:<strong>\u00a0100.000,00 z\u0142<\/strong><\/p>\t\t\t\t\t\t<\/div>\n\t\t\t\t<\/div>\n\t\t\t\t<section class=\"elementor-section elementor-inner-section elementor-element elementor-element-858cf64 elementor-section-boxed elementor-section-height-default elementor-section-height-default\" data-id=\"858cf64\" data-element_type=\"section\" data-settings=\"{&quot;background_background&quot;:&quot;classic&quot;}\">\n\t\t\t\t\t\t<div class=\"elementor-container elementor-column-gap-default\">\n\t\t\t\t\t<div class=\"elementor-column elementor-col-100 elementor-inner-column elementor-element elementor-element-a284c71\" data-id=\"a284c71\" data-element_type=\"column\">\n\t\t\t<div class=\"elementor-widget-wrap elementor-element-populated\">\n\t\t\t\t\t\t\t\t<div class=\"elementor-element elementor-element-482ba7b elementor-align-center elementor-widget elementor-widget-button\" data-id=\"482ba7b\" data-element_type=\"widget\" data-widget_type=\"button.default\">\n\t\t\t\t<div class=\"elementor-widget-container\">\n\t\t\t\t\t<div class=\"elementor-button-wrapper\">\n\t\t\t<a href=\"https:\/\/impekstir.pl\/wp-content\/uploads\/2020\/12\/Wezwanie-Zarz%C4%85du-Impekstir-Operations-SA.pdf\" class=\"elementor-button-link elementor-button elementor-size-sm\" role=\"button\">\n\t\t\t\t\t\t<span class=\"elementor-button-content-wrapper\">\n\t\t\t\t\t\t<span class=\"elementor-button-icon elementor-align-icon-left\">\n\t\t\t\t<i aria-hidden=\"true\" class=\"far fa-arrow-alt-circle-down\"><\/i>\t\t\t<\/span>\n\t\t\t\t\t\t<span class=\"elementor-button-text\">Pobierz Wezwanie Zarz\u0105du Impekstir Operations SA<\/span>\n\t\t<\/span>\n\t\t\t\t\t<\/a>\n\t\t<\/div>\n\t\t\t\t<\/div>\n\t\t\t\t<\/div>\n\t\t\t\t\t<\/div>\n\t\t<\/div>\n\t\t\t\t\t\t\t<\/div>\n\t\t<\/section>\n\t\t\t\t\t<\/div>\n\t\t<\/div>\n\t\t\t\t\t\t\t<\/div>\n\t\t<\/section>\n\t\t\t\t\t\t<\/div>\n\t\t\t\t\t<\/div>\n\t\t","protected":false},"excerpt":{"rendered":"<p>Informacje o Sp\u00f3\u0142ce Firma sp\u00f3\u0142ki:\u00a0Impekstir Operations Sp\u00f3\u0142ka Akcyjna Siedziba i adres:\u00a0Wojciech\u00f3wka 5, 62-800 Kalisz Oznaczenie s\u0105du rejestrowego, w kt\u00f3rym przechowywana jest dokumentacja sp\u00f3\u0142ki:\u00a0S\u0105d Rejonowy Pozna\u0144 \u2013 Nowe Miasto i Wilda w Poznaniu, IX Wydzia\u0142 Gospodarczy Krajowego Rejestru S\u0105dowego Numer pod kt\u00f3rym sp\u00f3\u0142ka jest wpisana do rejestru (numer KRS):\u00a00000864947 Numer identyfikacji podatkowej (NIP):\u00a09680960889 Wysoko\u015b\u0107 kapita\u0142u zak\u0142adowego:\u00a0100.000,00 [&hellip;]<\/p>\n","protected":false},"author":1,"featured_media":0,"parent":0,"menu_order":0,"comment_status":"closed","ping_status":"closed","template":"","meta":{"footnotes":""},"class_list":["post-3413","page","type-page","status-publish","hentry"],"yoast_head":"<!-- This site is optimized with the Yoast SEO plugin v17.0 - https:\/\/yoast.com\/wordpress\/plugins\/seo\/ -->\n<title>Aktion\u00e4rsbereich - Producent wyrob\u00f3w z granitu - Impekstir<\/title>\n<meta name=\"robots\" content=\"index, follow, max-snippet:-1, max-image-preview:large, max-video-preview:-1\" \/>\n<link rel=\"canonical\" href=\"https:\/\/impekstir.pl\/de\/aktionaersbereich\/\" \/>\n<meta property=\"og:locale\" content=\"de_DE\" \/>\n<meta property=\"og:type\" content=\"article\" \/>\n<meta property=\"og:title\" content=\"Aktion\u00e4rsbereich - Producent wyrob\u00f3w z granitu - Impekstir\" \/>\n<meta property=\"og:description\" content=\"Informacje o Sp\u00f3\u0142ce Firma sp\u00f3\u0142ki:\u00a0Impekstir Operations Sp\u00f3\u0142ka Akcyjna Siedziba i adres:\u00a0Wojciech\u00f3wka 5, 62-800 Kalisz Oznaczenie s\u0105du rejestrowego, w kt\u00f3rym przechowywana jest dokumentacja sp\u00f3\u0142ki:\u00a0S\u0105d Rejonowy Pozna\u0144 \u2013 Nowe Miasto i Wilda w Poznaniu, IX Wydzia\u0142 Gospodarczy Krajowego Rejestru S\u0105dowego Numer pod kt\u00f3rym sp\u00f3\u0142ka jest wpisana do rejestru (numer KRS):\u00a00000864947 Numer identyfikacji podatkowej (NIP):\u00a09680960889 Wysoko\u015b\u0107 kapita\u0142u zak\u0142adowego:\u00a0100.000,00 [&hellip;]\" \/>\n<meta property=\"og:url\" content=\"https:\/\/impekstir.pl\/de\/aktionaersbereich\/\" \/>\n<meta property=\"og:site_name\" content=\"Producent wyrob\u00f3w z granitu - Impekstir\" \/>\n<meta property=\"article:modified_time\" content=\"2021-08-03T16:59:03+00:00\" \/>\n<meta property=\"og:image\" content=\"https:\/\/impekstir.pl\/wp-content\/uploads\/2021\/03\/img-17-450x600-1.jpg\" \/>\n<meta name=\"twitter:card\" content=\"summary_large_image\" \/>\n<meta name=\"twitter:label1\" content=\"Gesch\u00e4tzte Lesezeit\" \/>\n\t<meta name=\"twitter:data1\" content=\"1\u00a0Minute\" \/>\n<script type=\"application\/ld+json\" class=\"yoast-schema-graph\">{\"@context\":\"https:\/\/schema.org\",\"@graph\":[{\"@type\":\"WebSite\",\"@id\":\"https:\/\/impekstir.pl\/de\/#website\",\"url\":\"https:\/\/impekstir.pl\/de\/\",\"name\":\"Producent wyrob\\u00f3w z granitu - Impekstir\",\"description\":\"Dostawca Granitu\",\"potentialAction\":[{\"@type\":\"SearchAction\",\"target\":{\"@type\":\"EntryPoint\",\"urlTemplate\":\"https:\/\/impekstir.pl\/de\/?s={search_term_string}\"},\"query-input\":\"required name=search_term_string\"}],\"inLanguage\":\"de\"},{\"@type\":\"ImageObject\",\"@id\":\"https:\/\/impekstir.pl\/de\/aktionaersbereich\/#primaryimage\",\"inLanguage\":\"de\",\"url\":\"https:\/\/impekstir.pl\/wp-content\/uploads\/2021\/03\/img-17-450x600-1.jpg\",\"contentUrl\":\"https:\/\/impekstir.pl\/wp-content\/uploads\/2021\/03\/img-17-450x600-1.jpg\",\"width\":450,\"height\":600},{\"@type\":\"WebPage\",\"@id\":\"https:\/\/impekstir.pl\/de\/aktionaersbereich\/#webpage\",\"url\":\"https:\/\/impekstir.pl\/de\/aktionaersbereich\/\",\"name\":\"Aktion\\u00e4rsbereich - Producent wyrob\\u00f3w z granitu - Impekstir\",\"isPartOf\":{\"@id\":\"https:\/\/impekstir.pl\/de\/#website\"},\"primaryImageOfPage\":{\"@id\":\"https:\/\/impekstir.pl\/de\/aktionaersbereich\/#primaryimage\"},\"datePublished\":\"2021-08-03T16:58:41+00:00\",\"dateModified\":\"2021-08-03T16:59:03+00:00\",\"breadcrumb\":{\"@id\":\"https:\/\/impekstir.pl\/de\/aktionaersbereich\/#breadcrumb\"},\"inLanguage\":\"de\",\"potentialAction\":[{\"@type\":\"ReadAction\",\"target\":[\"https:\/\/impekstir.pl\/de\/aktionaersbereich\/\"]}]},{\"@type\":\"BreadcrumbList\",\"@id\":\"https:\/\/impekstir.pl\/de\/aktionaersbereich\/#breadcrumb\",\"itemListElement\":[{\"@type\":\"ListItem\",\"position\":1,\"name\":\"\",\"item\":\"https:\/\/impekstir.pl\/de\/\"},{\"@type\":\"ListItem\",\"position\":2,\"name\":\"Aktion\\u00e4rsbereich\"}]}]}<\/script>\n<!-- \/ Yoast SEO plugin. -->","yoast_head_json":{"title":"Aktion\u00e4rsbereich - Producent wyrob\u00f3w z granitu - Impekstir","robots":{"index":"index","follow":"follow","max-snippet":"max-snippet:-1","max-image-preview":"max-image-preview:large","max-video-preview":"max-video-preview:-1"},"canonical":"https:\/\/impekstir.pl\/de\/aktionaersbereich\/","og_locale":"de_DE","og_type":"article","og_title":"Aktion\u00e4rsbereich - Producent wyrob\u00f3w z granitu - Impekstir","og_description":"Informacje o Sp\u00f3\u0142ce Firma sp\u00f3\u0142ki:\u00a0Impekstir Operations Sp\u00f3\u0142ka Akcyjna Siedziba i adres:\u00a0Wojciech\u00f3wka 5, 62-800 Kalisz Oznaczenie s\u0105du rejestrowego, w kt\u00f3rym przechowywana jest dokumentacja sp\u00f3\u0142ki:\u00a0S\u0105d Rejonowy Pozna\u0144 \u2013 Nowe Miasto i Wilda w Poznaniu, IX Wydzia\u0142 Gospodarczy Krajowego Rejestru S\u0105dowego Numer pod kt\u00f3rym sp\u00f3\u0142ka jest wpisana do rejestru (numer KRS):\u00a00000864947 Numer identyfikacji podatkowej (NIP):\u00a09680960889 Wysoko\u015b\u0107 kapita\u0142u zak\u0142adowego:\u00a0100.000,00 [&hellip;]","og_url":"https:\/\/impekstir.pl\/de\/aktionaersbereich\/","og_site_name":"Producent wyrob\u00f3w z granitu - Impekstir","article_modified_time":"2021-08-03T16:59:03+00:00","og_image":[{"url":"https:\/\/impekstir.pl\/wp-content\/uploads\/2021\/03\/img-17-450x600-1.jpg"}],"twitter_card":"summary_large_image","twitter_misc":{"Gesch\u00e4tzte Lesezeit":"1\u00a0Minute"},"schema":{"@context":"https:\/\/schema.org","@graph":[{"@type":"WebSite","@id":"https:\/\/impekstir.pl\/de\/#website","url":"https:\/\/impekstir.pl\/de\/","name":"Producent wyrob\u00f3w z granitu - Impekstir","description":"Dostawca Granitu","potentialAction":[{"@type":"SearchAction","target":{"@type":"EntryPoint","urlTemplate":"https:\/\/impekstir.pl\/de\/?s={search_term_string}"},"query-input":"required name=search_term_string"}],"inLanguage":"de"},{"@type":"ImageObject","@id":"https:\/\/impekstir.pl\/de\/aktionaersbereich\/#primaryimage","inLanguage":"de","url":"https:\/\/impekstir.pl\/wp-content\/uploads\/2021\/03\/img-17-450x600-1.jpg","contentUrl":"https:\/\/impekstir.pl\/wp-content\/uploads\/2021\/03\/img-17-450x600-1.jpg","width":450,"height":600},{"@type":"WebPage","@id":"https:\/\/impekstir.pl\/de\/aktionaersbereich\/#webpage","url":"https:\/\/impekstir.pl\/de\/aktionaersbereich\/","name":"Aktion\u00e4rsbereich - Producent wyrob\u00f3w z granitu - Impekstir","isPartOf":{"@id":"https:\/\/impekstir.pl\/de\/#website"},"primaryImageOfPage":{"@id":"https:\/\/impekstir.pl\/de\/aktionaersbereich\/#primaryimage"},"datePublished":"2021-08-03T16:58:41+00:00","dateModified":"2021-08-03T16:59:03+00:00","breadcrumb":{"@id":"https:\/\/impekstir.pl\/de\/aktionaersbereich\/#breadcrumb"},"inLanguage":"de","potentialAction":[{"@type":"ReadAction","target":["https:\/\/impekstir.pl\/de\/aktionaersbereich\/"]}]},{"@type":"BreadcrumbList","@id":"https:\/\/impekstir.pl\/de\/aktionaersbereich\/#breadcrumb","itemListElement":[{"@type":"ListItem","position":1,"name":"","item":"https:\/\/impekstir.pl\/de\/"},{"@type":"ListItem","position":2,"name":"Aktion\u00e4rsbereich"}]}]}},"_links":{"self":[{"href":"https:\/\/impekstir.pl\/de\/wp-json\/wp\/v2\/pages\/3413","targetHints":{"allow":["GET"]}}],"collection":[{"href":"https:\/\/impekstir.pl\/de\/wp-json\/wp\/v2\/pages"}],"about":[{"href":"https:\/\/impekstir.pl\/de\/wp-json\/wp\/v2\/types\/page"}],"author":[{"embeddable":true,"href":"https:\/\/impekstir.pl\/de\/wp-json\/wp\/v2\/users\/1"}],"replies":[{"embeddable":true,"href":"https:\/\/impekstir.pl\/de\/wp-json\/wp\/v2\/comments?post=3413"}],"version-history":[{"count":0,"href":"https:\/\/impekstir.pl\/de\/wp-json\/wp\/v2\/pages\/3413\/revisions"}],"wp:attachment":[{"href":"https:\/\/impekstir.pl\/de\/wp-json\/wp\/v2\/media?parent=3413"}],"curies":[{"name":"wp","href":"https:\/\/api.w.org\/{rel}","templated":true}]}}