{"id":3331,"date":"2021-07-29T17:33:18","date_gmt":"2021-07-29T15:33:18","guid":{"rendered":"https:\/\/impekstir.pl\/?page_id=3331"},"modified":"2024-12-17T10:19:25","modified_gmt":"2024-12-17T09:19:25","slug":"ueber-das-unternehmen","status":"publish","type":"page","link":"https:\/\/impekstir.pl\/de\/ueber-das-unternehmen\/","title":{"rendered":"\u00dcber das Unternehmen"},"content":{"rendered":"\t\t<div data-elementor-type=\"wp-page\" data-elementor-id=\"3331\" class=\"elementor elementor-3331 elementor-596\" data-elementor-settings=\"[]\">\n\t\t\t\t\t\t\t<div class=\"elementor-section-wrap\">\n\t\t\t\t\t\t\t<section class=\"elementor-section elementor-top-section elementor-element elementor-element-aac9645 elementor-reverse-mobile elementor-section-boxed elementor-section-height-default elementor-section-height-default\" data-id=\"aac9645\" data-element_type=\"section\">\n\t\t\t\t\t\t<div class=\"elementor-container elementor-column-gap-default\">\n\t\t\t\t\t<div class=\"elementor-column elementor-col-50 elementor-top-column elementor-element elementor-element-cafc4d1\" data-id=\"cafc4d1\" data-element_type=\"column\">\n\t\t\t<div class=\"elementor-widget-wrap elementor-element-populated\">\n\t\t\t\t\t\t\t\t<div class=\"elementor-element elementor-element-76fda8d elementor-widget elementor-widget-image\" data-id=\"76fda8d\" data-element_type=\"widget\" data-widget_type=\"image.default\">\n\t\t\t\t<div class=\"elementor-widget-container\">\n\t\t\t\t\t\t\t\t\t\t\t\t\t\t\t<img loading=\"lazy\" decoding=\"async\" width=\"400\" height=\"533\" src=\"https:\/\/impekstir.pl\/wp-content\/uploads\/2021\/04\/kostka-granitowa.jpg\" class=\"attachment-full size-full\" alt=\"\" \/>\t\t\t\t\t\t\t\t\t\t\t\t\t\t\t<\/div>\n\t\t\t\t<\/div>\n\t\t\t\t\t<\/div>\n\t\t<\/div>\n\t\t\t\t<div class=\"elementor-column elementor-col-50 elementor-top-column elementor-element elementor-element-77a8bc2\" data-id=\"77a8bc2\" data-element_type=\"column\">\n\t\t\t<div class=\"elementor-widget-wrap elementor-element-populated\">\n\t\t\t\t\t\t\t\t<div class=\"elementor-element elementor-element-60d995b elementor-widget elementor-widget-heading\" data-id=\"60d995b\" data-element_type=\"widget\" data-widget_type=\"heading.default\">\n\t\t\t\t<div class=\"elementor-widget-container\">\n\t\t\t<h2 class=\"elementor-heading-title elementor-size-default\"><strong>IMPEKSTIR<\/strong> \u2013 wir sind ein leistungsstarker Lieferant f\u00fcr Naturstein<\/h2>\t\t<\/div>\n\t\t\t\t<\/div>\n\t\t\t\t<div class=\"elementor-element elementor-element-7e6702d elementor-widget elementor-widget-text-editor\" data-id=\"7e6702d\" data-element_type=\"widget\" data-widget_type=\"text-editor.default\">\n\t\t\t\t<div class=\"elementor-widget-container\">\n\t\t\t\t\t\t\t<p>Wir sind ein langj\u00e4hriger Marktf\u00fchrer unter den Lieferanten von Granitprodukten. Unsere Spezialisierung umfasst vorgefertigte Steinstra\u00dfenmaterialien und Produkte f\u00fcr den allgemeinen Bau. Wir bieten inl\u00e4ndische und importierte Pflastersteine, Bordsteine und Steinplatten.<\/p><p>Wir liefern gewissenhaft und p\u00fcnktlich. Zu unseren Kunden z\u00e4hlen internationale Konzerne und inl\u00e4ndische Bauunternehmen. Wir sind sowohl bei infrastrukturellen als auch bei kommerziellen Investitionen pr\u00e4sent und versorgen unsere Kunden mit Material aus der technischen Spezifikation eines bestimmten Projekts.<\/p>\t\t\t\t\t\t<\/div>\n\t\t\t\t<\/div>\n\t\t\t\t\t<\/div>\n\t\t<\/div>\n\t\t\t\t\t\t\t<\/div>\n\t\t<\/section>\n\t\t\t\t<section class=\"elementor-section elementor-top-section elementor-element elementor-element-f92cf20 elementor-section-stretched elementor-section-boxed elementor-section-height-default elementor-section-height-default\" data-id=\"f92cf20\" data-element_type=\"section\" data-settings=\"{&quot;stretch_section&quot;:&quot;section-stretched&quot;,&quot;background_background&quot;:&quot;classic&quot;}\">\n\t\t\t\t\t\t<div class=\"elementor-container elementor-column-gap-no\">\n\t\t\t\t\t<div class=\"elementor-column elementor-col-33 elementor-top-column elementor-element elementor-element-c9ebe6d\" data-id=\"c9ebe6d\" data-element_type=\"column\">\n\t\t\t<div class=\"elementor-widget-wrap elementor-element-populated\">\n\t\t\t\t\t\t\t\t<div class=\"elementor-element elementor-element-648930b elementor-view-default elementor-widget elementor-widget-icon\" data-id=\"648930b\" data-element_type=\"widget\" data-widget_type=\"icon.default\">\n\t\t\t\t<div class=\"elementor-widget-container\">\n\t\t\t\t\t<div class=\"elementor-icon-wrapper\">\n\t\t\t<div class=\"elementor-icon\">\n\t\t\t<i aria-hidden=\"true\" class=\"fas fa-check-circle\"><\/i>\t\t\t<\/div>\n\t\t<\/div>\n\t\t\t\t<\/div>\n\t\t\t\t<\/div>\n\t\t\t\t<div class=\"elementor-element elementor-element-658b3cb elementor-widget elementor-widget-heading\" data-id=\"658b3cb\" data-element_type=\"widget\" data-widget_type=\"heading.default\">\n\t\t\t\t<div class=\"elementor-widget-container\">\n\t\t\t<h2 class=\"elementor-heading-title elementor-size-default\">Komplexit\u00e4t<\/h2>\t\t<\/div>\n\t\t\t\t<\/div>\n\t\t\t\t<div class=\"elementor-element elementor-element-4964340 elementor-widget elementor-widget-text-editor\" data-id=\"4964340\" data-element_type=\"widget\" data-widget_type=\"text-editor.default\">\n\t\t\t\t<div class=\"elementor-widget-container\">\n\t\t\t\t\t\t\t<p>Dank unserer umfangreichen Produktionskapazit\u00e4ten und Erfahrungen f\u00fchren wir bestellte Aufgaben umfassend aus, sowohl in Bezug auf Produkte als auch auf logistische Dienstleistungen.<\/p>\t\t\t\t\t\t<\/div>\n\t\t\t\t<\/div>\n\t\t\t\t\t<\/div>\n\t\t<\/div>\n\t\t\t\t<div class=\"elementor-column elementor-col-33 elementor-top-column elementor-element elementor-element-9d23e1f\" data-id=\"9d23e1f\" data-element_type=\"column\">\n\t\t\t<div class=\"elementor-widget-wrap elementor-element-populated\">\n\t\t\t\t\t\t\t\t<div class=\"elementor-element elementor-element-f48a38e elementor-view-default elementor-widget elementor-widget-icon\" data-id=\"f48a38e\" data-element_type=\"widget\" data-widget_type=\"icon.default\">\n\t\t\t\t<div class=\"elementor-widget-container\">\n\t\t\t\t\t<div class=\"elementor-icon-wrapper\">\n\t\t\t<div class=\"elementor-icon\">\n\t\t\t<i aria-hidden=\"true\" class=\"fas fa-hands-helping\"><\/i>\t\t\t<\/div>\n\t\t<\/div>\n\t\t\t\t<\/div>\n\t\t\t\t<\/div>\n\t\t\t\t<div class=\"elementor-element elementor-element-f0bd313 elementor-widget elementor-widget-heading\" data-id=\"f0bd313\" data-element_type=\"widget\" data-widget_type=\"heading.default\">\n\t\t\t\t<div class=\"elementor-widget-container\">\n\t\t\t<h2 class=\"elementor-heading-title elementor-size-default\">Verl\u00e4sslichkeit<\/h2>\t\t<\/div>\n\t\t\t\t<\/div>\n\t\t\t\t<div class=\"elementor-element elementor-element-a551b14 elementor-widget elementor-widget-text-editor\" data-id=\"a551b14\" data-element_type=\"widget\" data-widget_type=\"text-editor.default\">\n\t\t\t\t<div class=\"elementor-widget-container\">\n\t\t\t\t\t\t\t<p>Wir gehen an jedes beauftragte Projekt mit \u00e4u\u00dferster Sorgfalt heran. Wir k\u00fcmmern uns um die Qualit\u00e4t unserer Produkte, die termingerechte Lieferung und die Umsetzung der Auftr\u00e4ge wie mit dem Kunden vereinbart.<\/p>\t\t\t\t\t\t<\/div>\n\t\t\t\t<\/div>\n\t\t\t\t\t<\/div>\n\t\t<\/div>\n\t\t\t\t<div class=\"elementor-column elementor-col-33 elementor-top-column elementor-element elementor-element-fdc4463\" data-id=\"fdc4463\" data-element_type=\"column\">\n\t\t\t<div class=\"elementor-widget-wrap elementor-element-populated\">\n\t\t\t\t\t\t\t\t<div class=\"elementor-element elementor-element-fa5440a elementor-view-default elementor-widget elementor-widget-icon\" data-id=\"fa5440a\" data-element_type=\"widget\" data-widget_type=\"icon.default\">\n\t\t\t\t<div class=\"elementor-widget-container\">\n\t\t\t\t\t<div class=\"elementor-icon-wrapper\">\n\t\t\t<div class=\"elementor-icon\">\n\t\t\t<i aria-hidden=\"true\" class=\"fas fa-glasses\"><\/i>\t\t\t<\/div>\n\t\t<\/div>\n\t\t\t\t<\/div>\n\t\t\t\t<\/div>\n\t\t\t\t<div class=\"elementor-element elementor-element-1a44c23 elementor-widget elementor-widget-heading\" data-id=\"1a44c23\" data-element_type=\"widget\" data-widget_type=\"heading.default\">\n\t\t\t\t<div class=\"elementor-widget-container\">\n\t\t\t<h2 class=\"elementor-heading-title elementor-size-default\">Erfahrung<\/h2>\t\t<\/div>\n\t\t\t\t<\/div>\n\t\t\t\t<div class=\"elementor-element elementor-element-e0b54a0 elementor-widget elementor-widget-text-editor\" data-id=\"e0b54a0\" data-element_type=\"widget\" data-widget_type=\"text-editor.default\">\n\t\t\t\t<div class=\"elementor-widget-container\">\n\t\t\t\t\t\t\t<p>\u00dcber 17 Jahre Erfahrung in der Branche. Zusammenarbeit mit multinationalen Unternehmen und Familienbetrieben. Realisierung von privaten, \u00f6ffentlichen und gewerblichen Projekten.<\/p>\t\t\t\t\t\t<\/div>\n\t\t\t\t<\/div>\n\t\t\t\t\t<\/div>\n\t\t<\/div>\n\t\t\t\t\t\t\t<\/div>\n\t\t<\/section>\n\t\t\t\t<section class=\"elementor-section elementor-top-section elementor-element elementor-element-db4d919 elementor-reverse-mobile elementor-section-boxed elementor-section-height-default elementor-section-height-default\" data-id=\"db4d919\" data-element_type=\"section\">\n\t\t\t\t\t\t<div class=\"elementor-container elementor-column-gap-default\">\n\t\t\t\t\t<div class=\"elementor-column elementor-col-50 elementor-top-column elementor-element elementor-element-72edd2f\" data-id=\"72edd2f\" data-element_type=\"column\">\n\t\t\t<div class=\"elementor-widget-wrap elementor-element-populated\">\n\t\t\t\t\t\t\t\t<div class=\"elementor-element elementor-element-e58bdf5 elementor-widget elementor-widget-heading\" data-id=\"e58bdf5\" data-element_type=\"widget\" data-widget_type=\"heading.default\">\n\t\t\t\t<div class=\"elementor-widget-container\">\n\t\t\t<h2 class=\"elementor-heading-title elementor-size-default\"><strong> Erfahrung und Engagement<\/strong> f\u00fcr jedes Projekt<\/h2>\t\t<\/div>\n\t\t\t\t<\/div>\n\t\t\t\t<div class=\"elementor-element elementor-element-acd7c87 elementor-widget elementor-widget-text-editor\" data-id=\"acd7c87\" data-element_type=\"widget\" data-widget_type=\"text-editor.default\">\n\t\t\t\t<div class=\"elementor-widget-container\">\n\t\t\t\t\t\t\t<p>Als erfahrene Spezialisten sind wir mit den Besonderheiten der realisierten Vertr\u00e4ge bestens vertraut. Wir wissen, dass von uns verlangt wird, dass die Lieferungen gem\u00e4\u00df dem vereinbarten Zeitplan erfolgen und das Material in der vereinbarten Qualit\u00e4t und zum niedrigsten Preis geliefert wird.<\/p><p>Mit der Wahl unseres Angebotes w\u00e4hlen Sie auch die Sicherheit, dass Ihr Vertrag wie vereinbart ausgef\u00fchrt wird. Unser Angebot umfasst Granit Pflastersteine, Granitplatten, Bordsteine, Steinkanten, Granittreppen und Mauersteine.<\/p><p><a href=\"\/realizacje\/\">Siehe das Portfolio unserer abgeschlossenen Projekte<\/a><\/p>\t\t\t\t\t\t<\/div>\n\t\t\t\t<\/div>\n\t\t\t\t\t<\/div>\n\t\t<\/div>\n\t\t\t\t<div class=\"elementor-column elementor-col-50 elementor-top-column elementor-element elementor-element-357143d\" data-id=\"357143d\" data-element_type=\"column\">\n\t\t\t<div class=\"elementor-widget-wrap elementor-element-populated\">\n\t\t\t\t\t\t\t\t<div class=\"elementor-element elementor-element-3fa42f7 elementor-widget elementor-widget-image\" data-id=\"3fa42f7\" data-element_type=\"widget\" data-widget_type=\"image.default\">\n\t\t\t\t<div class=\"elementor-widget-container\">\n\t\t\t\t\t\t\t\t\t\t\t\t\t\t\t<img loading=\"lazy\" decoding=\"async\" width=\"400\" height=\"533\" src=\"https:\/\/impekstir.pl\/wp-content\/uploads\/2021\/04\/plyty-chodnikowe-granitowe.jpg\" class=\"attachment-large size-large\" alt=\"\" \/>\t\t\t\t\t\t\t\t\t\t\t\t\t\t\t<\/div>\n\t\t\t\t<\/div>\n\t\t\t\t\t<\/div>\n\t\t<\/div>\n\t\t\t\t\t\t\t<\/div>\n\t\t<\/section>\n\t\t\t\t<section class=\"elementor-section elementor-top-section elementor-element elementor-element-0498be9 elementor-reverse-mobile elementor-section-boxed elementor-section-height-default elementor-section-height-default\" data-id=\"0498be9\" data-element_type=\"section\">\n\t\t\t\t\t\t<div class=\"elementor-container elementor-column-gap-default\">\n\t\t\t\t\t<div class=\"elementor-column elementor-col-50 elementor-top-column elementor-element elementor-element-aa3df52\" data-id=\"aa3df52\" data-element_type=\"column\">\n\t\t\t<div class=\"elementor-widget-wrap elementor-element-populated\">\n\t\t\t\t\t\t\t\t<div class=\"elementor-element elementor-element-97297a7 elementor-widget elementor-widget-spacer\" data-id=\"97297a7\" data-element_type=\"widget\" data-widget_type=\"spacer.default\">\n\t\t\t\t<div class=\"elementor-widget-container\">\n\t\t\t\t\t<div class=\"elementor-spacer\">\n\t\t\t<div class=\"elementor-spacer-inner\"><\/div>\n\t\t<\/div>\n\t\t\t\t<\/div>\n\t\t\t\t<\/div>\n\t\t\t\t<div class=\"elementor-element elementor-element-bdceb50 elementor-widget elementor-widget-image\" data-id=\"bdceb50\" data-element_type=\"widget\" data-widget_type=\"image.default\">\n\t\t\t\t<div class=\"elementor-widget-container\">\n\t\t\t\t\t\t\t\t\t\t\t\t\t\t\t<img loading=\"lazy\" decoding=\"async\" width=\"400\" height=\"533\" src=\"https:\/\/impekstir.pl\/wp-content\/uploads\/2022\/05\/o-firmie-400x533-www-Impekstir-1.png\" class=\"attachment-full size-full\" alt=\"Kopalnia granitu Kwarc w Kostrzy\" \/>\t\t\t\t\t\t\t\t\t\t\t\t\t\t\t<\/div>\n\t\t\t\t<\/div>\n\t\t\t\t\t<\/div>\n\t\t<\/div>\n\t\t\t\t<div class=\"elementor-column elementor-col-50 elementor-top-column elementor-element elementor-element-8a5e054\" data-id=\"8a5e054\" data-element_type=\"column\">\n\t\t\t<div class=\"elementor-widget-wrap elementor-element-populated\">\n\t\t\t\t\t\t\t\t<div class=\"elementor-element elementor-element-3ce37a1 elementor-widget elementor-widget-heading\" data-id=\"3ce37a1\" data-element_type=\"widget\" data-widget_type=\"heading.default\">\n\t\t\t\t<div class=\"elementor-widget-container\">\n\t\t\t<h2 class=\"elementor-heading-title elementor-size-default\"><strong>KWARC<\/strong> \u2013 Granitsteinbruch in Kostrza, in der N\u00e4he von Strzegom<\/h2>\t\t<\/div>\n\t\t\t\t<\/div>\n\t\t\t\t<div class=\"elementor-element elementor-element-bac5c41 elementor-widget elementor-widget-text-editor\" data-id=\"bac5c41\" data-element_type=\"widget\" data-widget_type=\"text-editor.default\">\n\t\t\t\t<div class=\"elementor-widget-container\">\n\t\t\t\t\t\t\t<p class=\"western\">Impekstir besitzt eine eigene Lagerst\u00e4tte \u2013 einen eigenen Granitsteinbruch, wo wir die Klumpen abbauen, die wir zu Bl\u00f6cken, Unmassplatten und Granitfertigprodukten verarbeiten.<\/p><p class=\"western\">Unser Steinbruch befindet sich in Kostrza direkt neben Strzegom. Ein Zugang zum eigenen Rohmaterial erm\u00f6glicht uns, die Kontinuit\u00e4t der Produktion, die Liefersicherheit zu bewahren und nat\u00fcrlich den niedrigsten Preis mit hoher Qualit\u00e4t und kurzen Fristen anzubieten.<\/p><p class=\"western\"><span lang=\"en-US\">Erfahren Sie mehr \u00fcber unseren <a href=\"https:\/\/impekstir.pl\/de\/granitsteinbruch\/\">Granitsteinbruch KWARC<\/a><\/span><\/p>\t\t\t\t\t\t<\/div>\n\t\t\t\t<\/div>\n\t\t\t\t\t<\/div>\n\t\t<\/div>\n\t\t\t\t\t\t\t<\/div>\n\t\t<\/section>\n\t\t\t\t<section class=\"elementor-section elementor-top-section elementor-element elementor-element-7941bdf elementor-section-stretched elementor-section-boxed elementor-section-height-default elementor-section-height-default\" data-id=\"7941bdf\" data-element_type=\"section\" data-settings=\"{&quot;background_background&quot;:&quot;classic&quot;,&quot;stretch_section&quot;:&quot;section-stretched&quot;}\">\n\t\t\t\t\t\t<div class=\"elementor-container elementor-column-gap-default\">\n\t\t\t\t\t<div class=\"elementor-column elementor-col-50 elementor-top-column elementor-element elementor-element-479f118\" data-id=\"479f118\" data-element_type=\"column\">\n\t\t\t<div class=\"elementor-widget-wrap elementor-element-populated\">\n\t\t\t\t\t\t\t\t<div class=\"elementor-element elementor-element-452be3e5 elementor-widget elementor-widget-heading\" data-id=\"452be3e5\" data-element_type=\"widget\" data-widget_type=\"heading.default\">\n\t\t\t\t<div class=\"elementor-widget-container\">\n\t\t\t<h2 class=\"elementor-heading-title elementor-size-default\">Haben Sie eine Frage, ben\u00f6tigen Sie ein Angebot, kontaktieren Sie uns<\/h2>\t\t<\/div>\n\t\t\t\t<\/div>\n\t\t\t\t\t<\/div>\n\t\t<\/div>\n\t\t\t\t<div class=\"elementor-column elementor-col-50 elementor-top-column elementor-element elementor-element-29960f74\" data-id=\"29960f74\" data-element_type=\"column\">\n\t\t\t<div class=\"elementor-widget-wrap elementor-element-populated\">\n\t\t\t\t\t\t\t\t<div class=\"elementor-element elementor-element-5c498e2f elementor-align-justify elementor-widget__width-inherit elementor-invisible elementor-widget elementor-widget-button\" data-id=\"5c498e2f\" data-element_type=\"widget\" data-settings=\"{&quot;_animation&quot;:&quot;bounce&quot;}\" data-widget_type=\"button.default\">\n\t\t\t\t<div class=\"elementor-widget-container\">\n\t\t\t\t\t<div class=\"elementor-button-wrapper\">\n\t\t\t<a href=\"mailto:info@impekstir.pl\" class=\"elementor-button-link elementor-button elementor-size-sm\" role=\"button\">\n\t\t\t\t\t\t<span class=\"elementor-button-content-wrapper\">\n\t\t\t\t\t\t<span class=\"elementor-button-text\">Schreiben Sie uns<\/span>\n\t\t<\/span>\n\t\t\t\t\t<\/a>\n\t\t<\/div>\n\t\t\t\t<\/div>\n\t\t\t\t<\/div>\n\t\t\t\t\t<\/div>\n\t\t<\/div>\n\t\t\t\t\t\t\t<\/div>\n\t\t<\/section>\n\t\t\t\t\t\t<\/div>\n\t\t\t\t\t<\/div>\n\t\t","protected":false},"excerpt":{"rendered":"<p>IMPEKSTIR \u2013 wir sind ein leistungsstarker Lieferant f\u00fcr Naturstein Wir sind ein langj\u00e4hriger Marktf\u00fchrer unter den Lieferanten von Granitprodukten. Unsere Spezialisierung umfasst vorgefertigte Steinstra\u00dfenmaterialien und Produkte f\u00fcr den allgemeinen Bau. Wir bieten inl\u00e4ndische und importierte Pflastersteine, Bordsteine und Steinplatten. Wir liefern gewissenhaft und p\u00fcnktlich. Zu unseren Kunden z\u00e4hlen internationale Konzerne und inl\u00e4ndische Bauunternehmen. Wir sind [&hellip;]<\/p>\n","protected":false},"author":1,"featured_media":0,"parent":0,"menu_order":0,"comment_status":"closed","ping_status":"closed","template":"","meta":{"footnotes":""},"class_list":["post-3331","page","type-page","status-publish","hentry"],"yoast_head":"<!-- This site is optimized with the Yoast SEO plugin v17.0 - https:\/\/yoast.com\/wordpress\/plugins\/seo\/ -->\n<title>\u00dcber das Unternehmen - Producent wyrob\u00f3w z granitu - Impekstir<\/title>\n<meta name=\"robots\" content=\"index, follow, max-snippet:-1, max-image-preview:large, max-video-preview:-1\" \/>\n<link rel=\"canonical\" href=\"https:\/\/impekstir.pl\/de\/ueber-das-unternehmen\/\" \/>\n<meta property=\"og:locale\" content=\"de_DE\" \/>\n<meta property=\"og:type\" content=\"article\" \/>\n<meta property=\"og:title\" content=\"\u00dcber das Unternehmen - Producent wyrob\u00f3w z granitu - Impekstir\" \/>\n<meta property=\"og:description\" content=\"IMPEKSTIR \u2013 wir sind ein leistungsstarker Lieferant f\u00fcr Naturstein Wir sind ein langj\u00e4hriger Marktf\u00fchrer unter den Lieferanten von Granitprodukten. Unsere Spezialisierung umfasst vorgefertigte Steinstra\u00dfenmaterialien und Produkte f\u00fcr den allgemeinen Bau. Wir bieten inl\u00e4ndische und importierte Pflastersteine, Bordsteine und Steinplatten. Wir liefern gewissenhaft und p\u00fcnktlich. Zu unseren Kunden z\u00e4hlen internationale Konzerne und inl\u00e4ndische Bauunternehmen. Wir sind [&hellip;]\" \/>\n<meta property=\"og:url\" content=\"https:\/\/impekstir.pl\/de\/ueber-das-unternehmen\/\" \/>\n<meta property=\"og:site_name\" content=\"Producent wyrob\u00f3w z granitu - Impekstir\" \/>\n<meta property=\"article:modified_time\" content=\"2024-12-17T09:19:25+00:00\" \/>\n<meta property=\"og:image\" content=\"https:\/\/impekstir.pl\/wp-content\/uploads\/2021\/04\/kostka-granitowa.jpg\" \/>\n<meta name=\"twitter:card\" content=\"summary_large_image\" \/>\n<meta name=\"twitter:label1\" content=\"Gesch\u00e4tzte Lesezeit\" \/>\n\t<meta name=\"twitter:data1\" content=\"3\u00a0Minuten\" \/>\n<script type=\"application\/ld+json\" class=\"yoast-schema-graph\">{\"@context\":\"https:\/\/schema.org\",\"@graph\":[{\"@type\":\"WebSite\",\"@id\":\"https:\/\/impekstir.pl\/de\/#website\",\"url\":\"https:\/\/impekstir.pl\/de\/\",\"name\":\"Producent wyrob\\u00f3w z granitu - Impekstir\",\"description\":\"Dostawca Granitu\",\"potentialAction\":[{\"@type\":\"SearchAction\",\"target\":{\"@type\":\"EntryPoint\",\"urlTemplate\":\"https:\/\/impekstir.pl\/de\/?s={search_term_string}\"},\"query-input\":\"required name=search_term_string\"}],\"inLanguage\":\"de\"},{\"@type\":\"ImageObject\",\"@id\":\"https:\/\/impekstir.pl\/de\/ueber-das-unternehmen\/#primaryimage\",\"inLanguage\":\"de\",\"url\":\"https:\/\/impekstir.pl\/wp-content\/uploads\/2021\/04\/kostka-granitowa.jpg\",\"contentUrl\":\"https:\/\/impekstir.pl\/wp-content\/uploads\/2021\/04\/kostka-granitowa.jpg\",\"width\":400,\"height\":533},{\"@type\":\"WebPage\",\"@id\":\"https:\/\/impekstir.pl\/de\/ueber-das-unternehmen\/#webpage\",\"url\":\"https:\/\/impekstir.pl\/de\/ueber-das-unternehmen\/\",\"name\":\"\\u00dcber das Unternehmen - Producent wyrob\\u00f3w z granitu - Impekstir\",\"isPartOf\":{\"@id\":\"https:\/\/impekstir.pl\/de\/#website\"},\"primaryImageOfPage\":{\"@id\":\"https:\/\/impekstir.pl\/de\/ueber-das-unternehmen\/#primaryimage\"},\"datePublished\":\"2021-07-29T15:33:18+00:00\",\"dateModified\":\"2024-12-17T09:19:25+00:00\",\"breadcrumb\":{\"@id\":\"https:\/\/impekstir.pl\/de\/ueber-das-unternehmen\/#breadcrumb\"},\"inLanguage\":\"de\",\"potentialAction\":[{\"@type\":\"ReadAction\",\"target\":[\"https:\/\/impekstir.pl\/de\/ueber-das-unternehmen\/\"]}]},{\"@type\":\"BreadcrumbList\",\"@id\":\"https:\/\/impekstir.pl\/de\/ueber-das-unternehmen\/#breadcrumb\",\"itemListElement\":[{\"@type\":\"ListItem\",\"position\":1,\"name\":\"\",\"item\":\"https:\/\/impekstir.pl\/de\/\"},{\"@type\":\"ListItem\",\"position\":2,\"name\":\"\\u00dcber das Unternehmen\"}]}]}<\/script>\n<!-- \/ Yoast SEO plugin. -->","yoast_head_json":{"title":"\u00dcber das Unternehmen - Producent wyrob\u00f3w z granitu - Impekstir","robots":{"index":"index","follow":"follow","max-snippet":"max-snippet:-1","max-image-preview":"max-image-preview:large","max-video-preview":"max-video-preview:-1"},"canonical":"https:\/\/impekstir.pl\/de\/ueber-das-unternehmen\/","og_locale":"de_DE","og_type":"article","og_title":"\u00dcber das Unternehmen - Producent wyrob\u00f3w z granitu - Impekstir","og_description":"IMPEKSTIR \u2013 wir sind ein leistungsstarker Lieferant f\u00fcr Naturstein Wir sind ein langj\u00e4hriger Marktf\u00fchrer unter den Lieferanten von Granitprodukten. Unsere Spezialisierung umfasst vorgefertigte Steinstra\u00dfenmaterialien und Produkte f\u00fcr den allgemeinen Bau. Wir bieten inl\u00e4ndische und importierte Pflastersteine, Bordsteine und Steinplatten. Wir liefern gewissenhaft und p\u00fcnktlich. Zu unseren Kunden z\u00e4hlen internationale Konzerne und inl\u00e4ndische Bauunternehmen. Wir sind [&hellip;]","og_url":"https:\/\/impekstir.pl\/de\/ueber-das-unternehmen\/","og_site_name":"Producent wyrob\u00f3w z granitu - Impekstir","article_modified_time":"2024-12-17T09:19:25+00:00","og_image":[{"url":"https:\/\/impekstir.pl\/wp-content\/uploads\/2021\/04\/kostka-granitowa.jpg"}],"twitter_card":"summary_large_image","twitter_misc":{"Gesch\u00e4tzte Lesezeit":"3\u00a0Minuten"},"schema":{"@context":"https:\/\/schema.org","@graph":[{"@type":"WebSite","@id":"https:\/\/impekstir.pl\/de\/#website","url":"https:\/\/impekstir.pl\/de\/","name":"Producent wyrob\u00f3w z granitu - Impekstir","description":"Dostawca Granitu","potentialAction":[{"@type":"SearchAction","target":{"@type":"EntryPoint","urlTemplate":"https:\/\/impekstir.pl\/de\/?s={search_term_string}"},"query-input":"required name=search_term_string"}],"inLanguage":"de"},{"@type":"ImageObject","@id":"https:\/\/impekstir.pl\/de\/ueber-das-unternehmen\/#primaryimage","inLanguage":"de","url":"https:\/\/impekstir.pl\/wp-content\/uploads\/2021\/04\/kostka-granitowa.jpg","contentUrl":"https:\/\/impekstir.pl\/wp-content\/uploads\/2021\/04\/kostka-granitowa.jpg","width":400,"height":533},{"@type":"WebPage","@id":"https:\/\/impekstir.pl\/de\/ueber-das-unternehmen\/#webpage","url":"https:\/\/impekstir.pl\/de\/ueber-das-unternehmen\/","name":"\u00dcber das Unternehmen - Producent wyrob\u00f3w z granitu - Impekstir","isPartOf":{"@id":"https:\/\/impekstir.pl\/de\/#website"},"primaryImageOfPage":{"@id":"https:\/\/impekstir.pl\/de\/ueber-das-unternehmen\/#primaryimage"},"datePublished":"2021-07-29T15:33:18+00:00","dateModified":"2024-12-17T09:19:25+00:00","breadcrumb":{"@id":"https:\/\/impekstir.pl\/de\/ueber-das-unternehmen\/#breadcrumb"},"inLanguage":"de","potentialAction":[{"@type":"ReadAction","target":["https:\/\/impekstir.pl\/de\/ueber-das-unternehmen\/"]}]},{"@type":"BreadcrumbList","@id":"https:\/\/impekstir.pl\/de\/ueber-das-unternehmen\/#breadcrumb","itemListElement":[{"@type":"ListItem","position":1,"name":"","item":"https:\/\/impekstir.pl\/de\/"},{"@type":"ListItem","position":2,"name":"\u00dcber das Unternehmen"}]}]}},"_links":{"self":[{"href":"https:\/\/impekstir.pl\/de\/wp-json\/wp\/v2\/pages\/3331","targetHints":{"allow":["GET"]}}],"collection":[{"href":"https:\/\/impekstir.pl\/de\/wp-json\/wp\/v2\/pages"}],"about":[{"href":"https:\/\/impekstir.pl\/de\/wp-json\/wp\/v2\/types\/page"}],"author":[{"embeddable":true,"href":"https:\/\/impekstir.pl\/de\/wp-json\/wp\/v2\/users\/1"}],"replies":[{"embeddable":true,"href":"https:\/\/impekstir.pl\/de\/wp-json\/wp\/v2\/comments?post=3331"}],"version-history":[{"count":6,"href":"https:\/\/impekstir.pl\/de\/wp-json\/wp\/v2\/pages\/3331\/revisions"}],"predecessor-version":[{"id":6615,"href":"https:\/\/impekstir.pl\/de\/wp-json\/wp\/v2\/pages\/3331\/revisions\/6615"}],"wp:attachment":[{"href":"https:\/\/impekstir.pl\/de\/wp-json\/wp\/v2\/media?parent=3331"}],"curies":[{"name":"wp","href":"https:\/\/api.w.org\/{rel}","templated":true}]}}